{"id":21,"date":"2024-05-16T10:41:52","date_gmt":"2024-05-16T08:41:52","guid":{"rendered":"http:\/\/lagrangedudesigner.com\/?page_id=21"},"modified":"2026-03-24T21:35:09","modified_gmt":"2026-03-24T20:35:09","slug":"la-grange","status":"publish","type":"page","link":"https:\/\/lagrangedudesigner.com\/?page_id=21","title":{"rendered":"La Grange"},"content":{"rendered":"\t\t<div data-elementor-type=\"wp-page\" data-elementor-id=\"21\" class=\"elementor elementor-21\">\n\t\t\t\t<div class=\"elementor-element elementor-element-42e69a8 e-flex e-con-boxed wpr-particle-no wpr-jarallax-no wpr-parallax-no wpr-sticky-section-no wpr-equal-height-no e-con e-parent\" data-id=\"42e69a8\" data-element_type=\"container\" data-e-type=\"container\">\n\t\t\t\t\t<div class=\"e-con-inner\">\n\t\t<div class=\"elementor-element elementor-element-27c6f68 e-con-full e-flex wpr-particle-no wpr-jarallax-no wpr-parallax-no wpr-sticky-section-no wpr-equal-height-no e-con e-child\" data-id=\"27c6f68\" data-element_type=\"container\" data-e-type=\"container\" data-settings=\"{&quot;background_background&quot;:&quot;classic&quot;}\">\n\t\t\t\t<div class=\"elementor-element elementor-element-afb4c29 elementor-widget elementor-widget-heading\" data-id=\"afb4c29\" data-element_type=\"widget\" data-e-type=\"widget\" data-widget_type=\"heading.default\">\n\t\t\t\t<div class=\"elementor-widget-container\">\n\t\t\t\t\t<h2 class=\"elementor-heading-title elementor-size-default\">La Grange<\/h2>\t\t\t\t<\/div>\n\t\t\t\t<\/div>\n\t\t\t\t<\/div>\n\t\t\t\t\t<\/div>\n\t\t\t\t<\/div>\n\t\t<div class=\"elementor-element elementor-element-9ad980f e-flex e-con-boxed wpr-particle-no wpr-jarallax-no wpr-parallax-no wpr-sticky-section-no wpr-equal-height-no e-con e-parent\" data-id=\"9ad980f\" data-element_type=\"container\" data-e-type=\"container\">\n\t\t\t\t\t<div class=\"e-con-inner\">\n\t\t\t\t<div class=\"elementor-element elementor-element-1e96234 elementor-widget elementor-widget-heading\" data-id=\"1e96234\" data-element_type=\"widget\" data-e-type=\"widget\" data-widget_type=\"heading.default\">\n\t\t\t\t<div class=\"elementor-widget-container\">\n\t\t\t\t\t<h2 class=\"elementor-heading-title elementor-size-default\">La Grange du Designer, un duo \u00e0 votre service !<\/h2>\t\t\t\t<\/div>\n\t\t\t\t<\/div>\n\t\t\t\t\t<\/div>\n\t\t\t\t<\/div>\n\t\t<div class=\"elementor-element elementor-element-912725e e-flex e-con-boxed wpr-particle-no wpr-jarallax-no wpr-parallax-no wpr-sticky-section-no wpr-equal-height-no e-con e-parent\" data-id=\"912725e\" data-element_type=\"container\" data-e-type=\"container\">\n\t\t\t\t\t<div class=\"e-con-inner\">\n\t\t<div class=\"elementor-element elementor-element-5ebeb1f e-con-full e-flex wpr-particle-no wpr-jarallax-no wpr-parallax-no wpr-sticky-section-no wpr-equal-height-no e-con e-child\" data-id=\"5ebeb1f\" data-element_type=\"container\" data-e-type=\"container\">\n\t\t\t\t<div class=\"elementor-element elementor-element-06cdf91 elementor-widget elementor-widget-spacer\" data-id=\"06cdf91\" data-element_type=\"widget\" data-e-type=\"widget\" data-widget_type=\"spacer.default\">\n\t\t\t\t<div class=\"elementor-widget-container\">\n\t\t\t\t\t\t\t<div class=\"elementor-spacer\">\n\t\t\t<div class=\"elementor-spacer-inner\"><\/div>\n\t\t<\/div>\n\t\t\t\t\t\t<\/div>\n\t\t\t\t<\/div>\n\t\t\t\t<div class=\"elementor-element elementor-element-0409712 elementor-widget elementor-widget-text-editor\" data-id=\"0409712\" data-element_type=\"widget\" data-e-type=\"widget\" data-widget_type=\"text-editor.default\">\n\t\t\t\t<div class=\"elementor-widget-container\">\n\t\t\t\t\t\t\t\t\t<p><strong>Laurent Echevin<\/strong>, designer industriel de formation. Apr\u00e8s quelques exp\u00e9riences en tant que designer pour des marques belges (les lunettes Kinto, waffle factory) l\u2019appel de la mati\u00e8re est plus fort que lui. En 2013, il d\u00e9cide de cr\u00e9er la Grange pour concevoir et r\u00e9aliser les projets de A \u00e0 Z. Pour rencontrer les clients et imaginer avec eux l\u2019objet de leurs d\u00e9sirs. Pour voir leurs yeux briller \u00e0 la livraison. Pour connaitre chaque d\u00e9tail de fabrication, du premier coup de crayon \u00e0 la pose de l\u2019huile ou de la cire de finition.<\/p>\t\t\t\t\t\t\t\t<\/div>\n\t\t\t\t<\/div>\n\t\t\t\t<div class=\"elementor-element elementor-element-74ad412 elementor-widget elementor-widget-spacer\" data-id=\"74ad412\" data-element_type=\"widget\" data-e-type=\"widget\" data-widget_type=\"spacer.default\">\n\t\t\t\t<div class=\"elementor-widget-container\">\n\t\t\t\t\t\t\t<div class=\"elementor-spacer\">\n\t\t\t<div class=\"elementor-spacer-inner\"><\/div>\n\t\t<\/div>\n\t\t\t\t\t\t<\/div>\n\t\t\t\t<\/div>\n\t\t\t\t<\/div>\n\t\t<div class=\"elementor-element elementor-element-252481f e-con-full e-flex wpr-particle-no wpr-jarallax-no wpr-parallax-no wpr-sticky-section-no wpr-equal-height-no e-con e-child\" data-id=\"252481f\" data-element_type=\"container\" data-e-type=\"container\">\n\t\t\t\t<div class=\"elementor-element elementor-element-16994e7 elementor-widget elementor-widget-spacer\" data-id=\"16994e7\" data-element_type=\"widget\" data-e-type=\"widget\" data-widget_type=\"spacer.default\">\n\t\t\t\t<div class=\"elementor-widget-container\">\n\t\t\t\t\t\t\t<div class=\"elementor-spacer\">\n\t\t\t<div class=\"elementor-spacer-inner\"><\/div>\n\t\t<\/div>\n\t\t\t\t\t\t<\/div>\n\t\t\t\t<\/div>\n\t\t\t\t<div class=\"elementor-element elementor-element-5e4ecad elementor-widget elementor-widget-image\" data-id=\"5e4ecad\" data-element_type=\"widget\" data-e-type=\"widget\" data-widget_type=\"image.default\">\n\t\t\t\t<div class=\"elementor-widget-container\">\n\t\t\t\t\t\t\t\t\t\t\t\t\t\t\t<img fetchpriority=\"high\" decoding=\"async\" width=\"526\" height=\"594\" src=\"https:\/\/lagrangedudesigner.com\/wp-content\/uploads\/2026\/03\/WhatsApp-Image-2026-03-17-at-21.58.25-e1774384470321.jpeg\" class=\"attachment-full size-full wp-image-410\" alt=\"\" srcset=\"https:\/\/lagrangedudesigner.com\/wp-content\/uploads\/2026\/03\/WhatsApp-Image-2026-03-17-at-21.58.25-e1774384470321.jpeg 526w, https:\/\/lagrangedudesigner.com\/wp-content\/uploads\/2026\/03\/WhatsApp-Image-2026-03-17-at-21.58.25-e1774384470321-266x300.jpeg 266w\" sizes=\"(max-width: 526px) 100vw, 526px\" \/>\t\t\t\t\t\t\t\t\t\t\t\t\t\t\t<\/div>\n\t\t\t\t<\/div>\n\t\t\t\t<\/div>\n\t\t\t\t\t<\/div>\n\t\t\t\t<\/div>\n\t\t<div class=\"elementor-element elementor-element-663b455 e-flex e-con-boxed wpr-particle-no wpr-jarallax-no wpr-parallax-no wpr-sticky-section-no wpr-equal-height-no e-con e-parent\" data-id=\"663b455\" data-element_type=\"container\" data-e-type=\"container\" data-settings=\"{&quot;background_background&quot;:&quot;classic&quot;}\">\n\t\t\t\t\t<div class=\"e-con-inner\">\n\t\t<div class=\"elementor-element elementor-element-9a42c08 e-con-full e-flex wpr-particle-no wpr-jarallax-no wpr-parallax-no wpr-sticky-section-no wpr-equal-height-no e-con e-child\" data-id=\"9a42c08\" data-element_type=\"container\" data-e-type=\"container\">\n\t\t\t\t<div class=\"elementor-element elementor-element-16beb86 elementor-widget elementor-widget-spacer\" data-id=\"16beb86\" data-element_type=\"widget\" data-e-type=\"widget\" data-widget_type=\"spacer.default\">\n\t\t\t\t<div class=\"elementor-widget-container\">\n\t\t\t\t\t\t\t<div class=\"elementor-spacer\">\n\t\t\t<div class=\"elementor-spacer-inner\"><\/div>\n\t\t<\/div>\n\t\t\t\t\t\t<\/div>\n\t\t\t\t<\/div>\n\t\t\t\t<div class=\"elementor-element elementor-element-376ecbc elementor-widget elementor-widget-image\" data-id=\"376ecbc\" data-element_type=\"widget\" data-e-type=\"widget\" data-widget_type=\"image.default\">\n\t\t\t\t<div class=\"elementor-widget-container\">\n\t\t\t\t\t\t\t\t\t\t\t\t\t\t\t<img decoding=\"async\" width=\"725\" height=\"770\" src=\"https:\/\/lagrangedudesigner.com\/wp-content\/uploads\/2026\/03\/WhatsApp-Image-2026-03-17-at-22.00.35-e1774384419204.jpeg\" class=\"attachment-full size-full wp-image-411\" alt=\"\" srcset=\"https:\/\/lagrangedudesigner.com\/wp-content\/uploads\/2026\/03\/WhatsApp-Image-2026-03-17-at-22.00.35-e1774384419204.jpeg 725w, https:\/\/lagrangedudesigner.com\/wp-content\/uploads\/2026\/03\/WhatsApp-Image-2026-03-17-at-22.00.35-e1774384419204-282x300.jpeg 282w\" sizes=\"(max-width: 725px) 100vw, 725px\" \/>\t\t\t\t\t\t\t\t\t\t\t\t\t\t\t<\/div>\n\t\t\t\t<\/div>\n\t\t\t\t<div class=\"elementor-element elementor-element-14fb554 elementor-widget elementor-widget-spacer\" data-id=\"14fb554\" data-element_type=\"widget\" data-e-type=\"widget\" data-widget_type=\"spacer.default\">\n\t\t\t\t<div class=\"elementor-widget-container\">\n\t\t\t\t\t\t\t<div class=\"elementor-spacer\">\n\t\t\t<div class=\"elementor-spacer-inner\"><\/div>\n\t\t<\/div>\n\t\t\t\t\t\t<\/div>\n\t\t\t\t<\/div>\n\t\t\t\t<\/div>\n\t\t<div class=\"elementor-element elementor-element-2574155 e-con-full e-flex wpr-particle-no wpr-jarallax-no wpr-parallax-no wpr-sticky-section-no wpr-equal-height-no e-con e-child\" data-id=\"2574155\" data-element_type=\"container\" data-e-type=\"container\">\n\t\t\t\t<div class=\"elementor-element elementor-element-6b3d244 elementor-widget elementor-widget-spacer\" data-id=\"6b3d244\" data-element_type=\"widget\" data-e-type=\"widget\" data-widget_type=\"spacer.default\">\n\t\t\t\t<div class=\"elementor-widget-container\">\n\t\t\t\t\t\t\t<div class=\"elementor-spacer\">\n\t\t\t<div class=\"elementor-spacer-inner\"><\/div>\n\t\t<\/div>\n\t\t\t\t\t\t<\/div>\n\t\t\t\t<\/div>\n\t\t\t\t<div class=\"elementor-element elementor-element-38dd713 elementor-widget elementor-widget-text-editor\" data-id=\"38dd713\" data-element_type=\"widget\" data-e-type=\"widget\" data-widget_type=\"text-editor.default\">\n\t\t\t\t<div class=\"elementor-widget-container\">\n\t\t\t\t\t\t\t\t\t<p><strong>Pierre Louis Dubois<\/strong> est dipl\u00f4m\u00e9 Architecte \u00e0 l\u2019UCLoci tournai en 2011. Il collabore en tant qu\u2019Architecte aupr\u00e8s de cabinets comme ZIG ZAG architecture, l\u2019Atelier Meunier-Westrade&#8230; En 2014 Il se forme \u00e0 la construction Bois (Post Moster UCLouvain) ainsi qu\u2019\u00e0 la soudure (cefa). M\u00e9ticuleux et bricoleur, il s\u2019oriente sur des conceptions \u00e0 plus petites \u00e9chelles afin de pouvoir maitriser lui-m\u00eame les d\u00e9tails. Il collaborera avec l\u2019Atelier Michel Dupont (design de r\u00e9cup\u00e9ration et UpCyclinbg) de 2014 \u00e0 2017 et commencera \u00e0 produire seul de petits am\u00e9nagements sur mesure pour rejoindre la grange en 2019.<\/p>\t\t\t\t\t\t\t\t<\/div>\n\t\t\t\t<\/div>\n\t\t\t\t<div class=\"elementor-element elementor-element-f5d6b81 elementor-widget elementor-widget-spacer\" data-id=\"f5d6b81\" data-element_type=\"widget\" data-e-type=\"widget\" data-widget_type=\"spacer.default\">\n\t\t\t\t<div class=\"elementor-widget-container\">\n\t\t\t\t\t\t\t<div class=\"elementor-spacer\">\n\t\t\t<div class=\"elementor-spacer-inner\"><\/div>\n\t\t<\/div>\n\t\t\t\t\t\t<\/div>\n\t\t\t\t<\/div>\n\t\t\t\t<\/div>\n\t\t\t\t\t<\/div>\n\t\t\t\t<\/div>\n\t\t<div class=\"elementor-element elementor-element-3fafcbe e-flex e-con-boxed wpr-particle-no wpr-jarallax-no wpr-parallax-no wpr-sticky-section-no wpr-equal-height-no e-con e-parent\" data-id=\"3fafcbe\" data-element_type=\"container\" data-e-type=\"container\">\n\t\t\t\t\t<div class=\"e-con-inner\">\n\t\t\t\t<div class=\"elementor-element elementor-element-0befa61 elementor-widget elementor-widget-spacer\" data-id=\"0befa61\" data-element_type=\"widget\" data-e-type=\"widget\" data-widget_type=\"spacer.default\">\n\t\t\t\t<div class=\"elementor-widget-container\">\n\t\t\t\t\t\t\t<div class=\"elementor-spacer\">\n\t\t\t<div class=\"elementor-spacer-inner\"><\/div>\n\t\t<\/div>\n\t\t\t\t\t\t<\/div>\n\t\t\t\t<\/div>\n\t\t\t\t<div class=\"elementor-element elementor-element-d3e2e60 elementor-widget elementor-widget-text-editor\" data-id=\"d3e2e60\" data-element_type=\"widget\" data-e-type=\"widget\" data-widget_type=\"text-editor.default\">\n\t\t\t\t<div class=\"elementor-widget-container\">\n\t\t\t\t\t\t\t\t\t<p>A partir de l\u00e0, <strong>La Grange du Designer<\/strong> prend une autre ampleur. Notre duo est alors capable de r\u00e9aliser des projets de plus grande envergure comme des escaliers ou plus r\u00e9cemment des carports, des kiosques, \u2026<\/p>\n<p><\/p>\n<p>Notre philosophie se retrouve dans le nom :<\/p>\t\t\t\t\t\t\t\t<\/div>\n\t\t\t\t<\/div>\n\t\t\t\t\t<\/div>\n\t\t\t\t<\/div>\n\t\t<div class=\"elementor-element elementor-element-bca2fb7 e-flex e-con-boxed wpr-particle-no wpr-jarallax-no wpr-parallax-no wpr-sticky-section-no wpr-equal-height-no e-con e-parent\" data-id=\"bca2fb7\" data-element_type=\"container\" data-e-type=\"container\">\n\t\t\t\t\t<div class=\"e-con-inner\">\n\t\t<div class=\"elementor-element elementor-element-51ce6e9 e-con-full e-flex wpr-particle-no wpr-jarallax-no wpr-parallax-no wpr-sticky-section-no wpr-equal-height-no e-con e-child\" data-id=\"51ce6e9\" data-element_type=\"container\" data-e-type=\"container\">\n\t\t\t\t<div class=\"elementor-element elementor-element-a9348a6 elementor-widget elementor-widget-text-editor\" data-id=\"a9348a6\" data-element_type=\"widget\" data-e-type=\"widget\" data-widget_type=\"text-editor.default\">\n\t\t\t\t<div class=\"elementor-widget-container\">\n\t\t\t\t\t\t\t\t\t<p>La <strong>Grange<\/strong> \u00e9voque l\u2019ancien. Nous partons toujours d\u2019un constat, d\u2019un volume existant avec son histoire que nous essayons de mettre en valeur. Nous essayons \u00e9galement de comprendre l\u2019utilisateur, ses habitudes, son mode de fonctionnement, ses go\u00fbts.<\/p><p>Nous sommes des \u00ab\u00a0petits artisans\u00a0\u00bb (1.69m tous les deux quand m\u00eame\u00a0!) au sens noble du terme. Nous essayons d\u2019avoir une relation privil\u00e9gi\u00e9e avec nos clients.<\/p><p>Nous assumons les chantiers dans leur int\u00e9gralit\u00e9, en contact direct avec vous.<\/p>\t\t\t\t\t\t\t\t<\/div>\n\t\t\t\t<\/div>\n\t\t\t\t<\/div>\n\t\t<div class=\"elementor-element elementor-element-1b33057 e-con-full e-flex wpr-particle-no wpr-jarallax-no wpr-parallax-no wpr-sticky-section-no wpr-equal-height-no e-con e-child\" data-id=\"1b33057\" data-element_type=\"container\" data-e-type=\"container\">\n\t\t\t\t<div class=\"elementor-element elementor-element-11d0f82 elementor-widget elementor-widget-text-editor\" data-id=\"11d0f82\" data-element_type=\"widget\" data-e-type=\"widget\" data-widget_type=\"text-editor.default\">\n\t\t\t\t<div class=\"elementor-widget-container\">\n\t\t\t\t\t\t\t\t\t<p><strong>Designer <\/strong>am\u00e8ne la modernit\u00e9, la cr\u00e9ativit\u00e9. Notre fil conducteur est le mouvement. Un jeu de mati\u00e8re, un rythme, un d\u00e9s\u00e9quilibre volontaire assum\u00e9, l\u2019utilisation,\u2026 am\u00e8ne ce mouvement selon le style souhait\u00e9.<\/p><p>Bien qu\u2019artisans, nous utilisons des techniques modernes tel que le dessin assist\u00e9 par ordinateur pour r\u00e9aliser de 3d r\u00e9alistes ou des outils de d\u00e9coupe num\u00e9rique.<\/p><p>LA Grange du Designer r\u00e9alise vos envies de la conception \u00e0 la livraison.<\/p>\t\t\t\t\t\t\t\t<\/div>\n\t\t\t\t<\/div>\n\t\t\t\t<\/div>\n\t\t\t\t\t<\/div>\n\t\t\t\t<\/div>\n\t\t<div class=\"elementor-element elementor-element-9b531bc e-flex e-con-boxed wpr-particle-no wpr-jarallax-no wpr-parallax-no wpr-sticky-section-no wpr-equal-height-no e-con e-parent\" data-id=\"9b531bc\" data-element_type=\"container\" data-e-type=\"container\">\n\t\t\t\t\t<div class=\"e-con-inner\">\n\t\t\t\t<div class=\"elementor-element elementor-element-de3f7bc elementor-widget-divider--view-line elementor-widget elementor-widget-divider\" data-id=\"de3f7bc\" data-element_type=\"widget\" data-e-type=\"widget\" data-widget_type=\"divider.default\">\n\t\t\t\t<div class=\"elementor-widget-container\">\n\t\t\t\t\t\t\t<div class=\"elementor-divider\">\n\t\t\t<span class=\"elementor-divider-separator\">\n\t\t\t\t\t\t<\/span>\n\t\t<\/div>\n\t\t\t\t\t\t<\/div>\n\t\t\t\t<\/div>\n\t\t\t\t\t<\/div>\n\t\t\t\t<\/div>\n\t\t\t\t<\/div>\n\t\t","protected":false},"excerpt":{"rendered":"<p>La Grange La Grange du Designer, un duo \u00e0 votre service ! Laurent Echevin, designer industriel de formation. Apr\u00e8s quelques exp\u00e9riences en tant que designer pour des marques belges (les lunettes Kinto, waffle factory) l\u2019appel de la mati\u00e8re est plus fort que lui. En 2013, il d\u00e9cide de cr\u00e9er la Grange pour concevoir et r\u00e9aliser les projets de A \u00e0 Z. Pour rencontrer les clients et imaginer avec eux l\u2019objet de leurs d\u00e9sirs. Pour voir leurs yeux briller \u00e0 la livraison. Pour connaitre chaque d\u00e9tail de fabrication, du premier coup de crayon \u00e0 la pose de l\u2019huile ou de la cire de finition. Pierre Louis Dubois est dipl\u00f4m\u00e9 Architecte \u00e0 l\u2019UCLoci tournai en 2011. Il collabore en tant qu\u2019Architecte aupr\u00e8s de cabinets comme ZIG ZAG architecture, l\u2019Atelier Meunier-Westrade&#8230; En 2014 Il se forme \u00e0 la construction Bois (Post Moster UCLouvain) ainsi qu\u2019\u00e0 la soudure (cefa). M\u00e9ticuleux et bricoleur, il s\u2019oriente sur des conceptions \u00e0 plus petites \u00e9chelles afin de pouvoir maitriser lui-m\u00eame les d\u00e9tails. Il collaborera avec l\u2019Atelier Michel Dupont (design de r\u00e9cup\u00e9ration et UpCyclinbg) de 2014 \u00e0 2017 et commencera \u00e0 produire seul de petits am\u00e9nagements sur mesure pour rejoindre la grange en 2019. A partir de l\u00e0, La Grange du Designer prend une autre ampleur. Notre duo est alors capable de r\u00e9aliser des projets de plus grande envergure comme des escaliers ou plus r\u00e9cemment des carports, des kiosques, \u2026 Notre philosophie se retrouve dans le nom : La Grange \u00e9voque l\u2019ancien. Nous partons toujours d\u2019un constat, d\u2019un volume existant avec son histoire que nous essayons de mettre en valeur. Nous essayons \u00e9galement de comprendre l\u2019utilisateur, ses habitudes, son mode de fonctionnement, ses go\u00fbts. Nous sommes des \u00ab\u00a0petits artisans\u00a0\u00bb (1.69m tous les deux quand m\u00eame\u00a0!) au sens noble du terme. Nous essayons d\u2019avoir une relation privil\u00e9gi\u00e9e avec nos clients. Nous assumons les chantiers dans leur int\u00e9gralit\u00e9, en contact direct avec vous. Designer am\u00e8ne la modernit\u00e9, la cr\u00e9ativit\u00e9. Notre fil conducteur est le mouvement. Un jeu de mati\u00e8re, un rythme, un d\u00e9s\u00e9quilibre volontaire assum\u00e9, l\u2019utilisation,\u2026 am\u00e8ne ce mouvement selon le style souhait\u00e9. Bien qu\u2019artisans, nous utilisons des techniques modernes tel que le dessin assist\u00e9 par ordinateur pour r\u00e9aliser de 3d r\u00e9alistes ou des outils de d\u00e9coupe num\u00e9rique. LA Grange du Designer r\u00e9alise vos envies de la conception \u00e0 la livraison.<\/p>\n","protected":false},"author":1,"featured_media":0,"parent":0,"menu_order":0,"comment_status":"closed","ping_status":"closed","template":"","meta":{"footnotes":""},"class_list":["post-21","page","type-page","status-publish","hentry"],"_links":{"self":[{"href":"https:\/\/lagrangedudesigner.com\/index.php?rest_route=\/wp\/v2\/pages\/21","targetHints":{"allow":["GET"]}}],"collection":[{"href":"https:\/\/lagrangedudesigner.com\/index.php?rest_route=\/wp\/v2\/pages"}],"about":[{"href":"https:\/\/lagrangedudesigner.com\/index.php?rest_route=\/wp\/v2\/types\/page"}],"author":[{"embeddable":true,"href":"https:\/\/lagrangedudesigner.com\/index.php?rest_route=\/wp\/v2\/users\/1"}],"replies":[{"embeddable":true,"href":"https:\/\/lagrangedudesigner.com\/index.php?rest_route=%2Fwp%2Fv2%2Fcomments&post=21"}],"version-history":[{"count":9,"href":"https:\/\/lagrangedudesigner.com\/index.php?rest_route=\/wp\/v2\/pages\/21\/revisions"}],"predecessor-version":[{"id":440,"href":"https:\/\/lagrangedudesigner.com\/index.php?rest_route=\/wp\/v2\/pages\/21\/revisions\/440"}],"wp:attachment":[{"href":"https:\/\/lagrangedudesigner.com\/index.php?rest_route=%2Fwp%2Fv2%2Fmedia&parent=21"}],"curies":[{"name":"wp","href":"https:\/\/api.w.org\/{rel}","templated":true}]}}